{"id":352,"date":"2018-07-28T16:08:06","date_gmt":"2018-07-28T16:08:06","guid":{"rendered":"http:\/\/manufacturer.stylemixthemes.com\/?page_id=352"},"modified":"2025-11-26T08:54:12","modified_gmt":"2025-11-26T08:54:12","slug":"services","status":"publish","type":"page","link":"https:\/\/mhiriconfection.com\/fr\/services\/","title":{"rendered":"Services"},"content":{"rendered":"<div data-elementor-type=\"wp-post\" data-elementor-id=\"352\" class=\"elementor elementor-352\">\n\t\t\t\t\t\t<section class=\"elementor-section elementor-top-section elementor-element elementor-element-59cb6a9 elementor-reverse-mobile elementor-section-boxed elementor-section-height-default elementor-section-height-default\" data-id=\"59cb6a9\" data-element_type=\"section\">\n\t\t\t\t\t\t<div class=\"elementor-container elementor-column-gap-default\">\n\t\t\t\t\t<div class=\"elementor-column elementor-col-50 elementor-top-column elementor-element elementor-element-31b5355 elementor-invisible\" data-id=\"31b5355\" data-element_type=\"column\" data-settings=\"{&quot;background_background&quot;:&quot;classic&quot;,&quot;animation&quot;:&quot;fadeIn&quot;}\">\n\t\t\t<div class=\"elementor-widget-wrap elementor-element-populated\">\n\t\t\t\t\t\t<div class=\"elementor-element elementor-element-c9091c5 elementor-widget elementor-widget-heading\" data-id=\"c9091c5\" data-element_type=\"widget\" data-widget_type=\"heading.default\">\n\t\t\t\t\t<h2 class=\"elementor-heading-title elementor-size-default elementor-heading-title elementor-align-after-left elementor-align-after-mobile-center elementor-align-after-tablet-left\">Nos comp\u00e9tences<\/h2>\t\t\t\t<\/div>\n\t\t\t\t<div class=\"elementor-element elementor-element-bbe559c elementor-widget elementor-widget-text-editor\" data-id=\"bbe559c\" data-element_type=\"widget\" data-widget_type=\"text-editor.default\">\n\t\t\t\t\t\t\t\t\t<p>Nous vous invitons \u00e0 prendre contact avec notre \u00e9quipe \u2014 des professionnels qualifi\u00e9s, d\u00e9termin\u00e9s \u00e0 transformer vos id\u00e9es en solutions textiles de classe mondiale.<\/p><p>CEO: Mhiri Abderrazak<\/p><p><img decoding=\"async\" class=\"alignnone wp-image-977\" src=\"https:\/\/mhiriconfection.com\/wp-content\/uploads\/2018\/08\/John_McCain_Signature-1-e1762386812687-254x300.png\" alt=\"\" width=\"78\" height=\"92\" srcset=\"https:\/\/mhiriconfection.com\/wp-content\/uploads\/2018\/08\/John_McCain_Signature-1-e1762386812687-254x300.png 254w, https:\/\/mhiriconfection.com\/wp-content\/uploads\/2018\/08\/John_McCain_Signature-1-e1762386812687-127x150.png 127w, https:\/\/mhiriconfection.com\/wp-content\/uploads\/2018\/08\/John_McCain_Signature-1-e1762386812687-285x336.png 285w, https:\/\/mhiriconfection.com\/wp-content\/uploads\/2018\/08\/John_McCain_Signature-1-e1762386812687-10x12.png 10w, https:\/\/mhiriconfection.com\/wp-content\/uploads\/2018\/08\/John_McCain_Signature-1-e1762386812687.png 351w\" sizes=\"(max-width: 78px) 100vw, 78px\" \/><\/p>\t\t\t\t\t\t\t\t<\/div>\n\t\t\t\t\t<\/div>\n\t\t<\/div>\n\t\t\t\t<div class=\"elementor-column elementor-col-50 elementor-top-column elementor-element elementor-element-65d2121 elementor-invisible\" data-id=\"65d2121\" data-element_type=\"column\" data-settings=\"{&quot;background_background&quot;:&quot;classic&quot;,&quot;animation&quot;:&quot;fadeIn&quot;,&quot;animation_delay&quot;:200}\">\n\t\t\t<div class=\"elementor-widget-wrap elementor-element-populated\">\n\t\t\t\t\t\t<div class=\"elementor-element elementor-element-e783d8d elementor-widget elementor-widget-spacer\" data-id=\"e783d8d\" data-element_type=\"widget\" data-widget_type=\"spacer.default\">\n\t\t\t\t\t\t\t<div class=\"elementor-spacer\">\n\t\t\t<div class=\"elementor-spacer-inner\"><\/div>\n\t\t<\/div>\n\t\t\t\t\t\t<\/div>\n\t\t\t\t\t<\/div>\n\t\t<\/div>\n\t\t\t\t\t<\/div>\n\t\t<\/section>\n\t\t\t\t<section class=\"elementor-section elementor-top-section elementor-element elementor-element-340323c elementor-section-boxed elementor-section-height-default elementor-section-height-default\" data-id=\"340323c\" data-element_type=\"section\">\n\t\t\t\t\t\t<div class=\"elementor-container elementor-column-gap-default\">\n\t\t\t\t\t<div class=\"elementor-column elementor-col-50 elementor-top-column elementor-element elementor-element-26b1824 elementor-invisible\" data-id=\"26b1824\" data-element_type=\"column\" data-settings=\"{&quot;background_background&quot;:&quot;classic&quot;,&quot;animation&quot;:&quot;fadeIn&quot;}\">\n\t\t\t<div class=\"elementor-widget-wrap elementor-element-populated\">\n\t\t\t\t\t\t<div class=\"elementor-element elementor-element-64d6bf5 elementor-widget elementor-widget-spacer\" data-id=\"64d6bf5\" data-element_type=\"widget\" data-widget_type=\"spacer.default\">\n\t\t\t\t\t\t\t<div class=\"elementor-spacer\">\n\t\t\t<div class=\"elementor-spacer-inner\"><\/div>\n\t\t<\/div>\n\t\t\t\t\t\t<\/div>\n\t\t\t\t\t<\/div>\n\t\t<\/div>\n\t\t\t\t<div class=\"elementor-column elementor-col-50 elementor-top-column elementor-element elementor-element-d515bb6 elementor-invisible\" data-id=\"d515bb6\" data-element_type=\"column\" data-settings=\"{&quot;background_background&quot;:&quot;classic&quot;,&quot;animation&quot;:&quot;fadeIn&quot;,&quot;animation_delay&quot;:200}\">\n\t\t\t<div class=\"elementor-widget-wrap elementor-element-populated\">\n\t\t\t\t\t\t<div class=\"elementor-element elementor-element-d662ced elementor-widget elementor-widget-heading\" data-id=\"d662ced\" data-element_type=\"widget\" data-widget_type=\"heading.default\">\n\t\t\t\t\t<h2 class=\"elementor-heading-title elementor-size-default elementor-heading-title elementor-align-after-left elementor-align-after-mobile-center elementor-align-after-tablet-left\">Comment nous le faisons<\/h2>\t\t\t\t<\/div>\n\t\t\t\t<div class=\"elementor-element elementor-element-1d5adc2 elementor-widget elementor-widget-text-editor\" data-id=\"1d5adc2\" data-element_type=\"widget\" data-widget_type=\"text-editor.default\">\n\t\t\t\t\t\t\t\t\t<p>Chez <strong data-start=\"439\" data-end=\"459\">Mhiri Confection<\/strong>, nous nous engageons activement dans l'industrie textile \u00e0 travers <strong data-start=\"512\" data-end=\"544\">collaboration et innovation<\/strong>En travaillant en \u00e9troite collaboration avec des partenaires de confiance tout au long de la cha\u00eene d'approvisionnement, nous construisons <strong data-start=\"621\" data-end=\"668\">connaissances, efficacit\u00e9 et expertise partag\u00e9e<\/strong>Notre objectif est de cr\u00e9er <strong data-start=\"692\" data-end=\"735\">impact positif et progr\u00e8s continu<\/strong> \u00e0 chaque \u00e9tape de la fabrication textile.<\/p>\t\t\t\t\t\t\t\t<\/div>\n\t\t\t\t\t<\/div>\n\t\t<\/div>\n\t\t\t\t\t<\/div>\n\t\t<\/section>\n\t\t\t\t<section class=\"elementor-section elementor-top-section elementor-element elementor-element-9634149 elementor-section-boxed elementor-section-height-default elementor-section-height-default\" data-id=\"9634149\" data-element_type=\"section\">\n\t\t\t\t\t\t<div class=\"elementor-container elementor-column-gap-default\">\n\t\t\t\t\t<div class=\"elementor-column elementor-col-100 elementor-top-column elementor-element elementor-element-413633b\" data-id=\"413633b\" data-element_type=\"column\">\n\t\t\t<div class=\"elementor-widget-wrap elementor-element-populated\">\n\t\t\t\t\t\t<div class=\"man_gallery_slider elementor-element elementor-element-ed28188 elementor-widget elementor-widget-image-gallery\" data-items=\"3\" data-id=\"ed28188\" data-element_type=\"widget\" data-widget_type=\"image-gallery.default\">\n\t\t\t\t\t\t\t<div class=\"elementor-image-gallery\">\n\t\t\t<div id='gallery-1' class='gallery galleryid-352 gallery-columns-3 gallery-size-medium'><figure class='gallery-item'>\n\t\t\t<div class='gallery-icon landscape'>\n\t\t\t\t<img fetchpriority=\"high\" decoding=\"async\" width=\"300\" height=\"300\" src=\"https:\/\/mhiriconfection.com\/wp-content\/uploads\/2025\/11\/wintexx.png\" class=\"attachment-medium size-medium\" alt=\"\" srcset=\"https:\/\/mhiriconfection.com\/wp-content\/uploads\/2025\/11\/wintexx.png 300w, https:\/\/mhiriconfection.com\/wp-content\/uploads\/2025\/11\/wintexx-150x150.png 150w, https:\/\/mhiriconfection.com\/wp-content\/uploads\/2025\/11\/wintexx-12x12.png 12w, https:\/\/mhiriconfection.com\/wp-content\/uploads\/2025\/11\/wintexx-285x285.png 285w, https:\/\/mhiriconfection.com\/wp-content\/uploads\/2025\/11\/wintexx-270x270.png 270w\" sizes=\"(max-width: 300px) 100vw, 300px\" \/>\n\t\t\t<\/div><\/figure><figure class='gallery-item'>\n\t\t\t<div class='gallery-icon landscape'>\n\t\t\t\t<img decoding=\"async\" width=\"300\" height=\"300\" src=\"https:\/\/mhiriconfection.com\/wp-content\/uploads\/2025\/11\/sarrco.png\" class=\"attachment-medium size-medium\" alt=\"\" srcset=\"https:\/\/mhiriconfection.com\/wp-content\/uploads\/2025\/11\/sarrco.png 300w, https:\/\/mhiriconfection.com\/wp-content\/uploads\/2025\/11\/sarrco-150x150.png 150w, https:\/\/mhiriconfection.com\/wp-content\/uploads\/2025\/11\/sarrco-12x12.png 12w, https:\/\/mhiriconfection.com\/wp-content\/uploads\/2025\/11\/sarrco-285x285.png 285w, https:\/\/mhiriconfection.com\/wp-content\/uploads\/2025\/11\/sarrco-270x270.png 270w\" sizes=\"(max-width: 300px) 100vw, 300px\" \/>\n\t\t\t<\/div><\/figure><figure class='gallery-item'>\n\t\t\t<div class='gallery-icon landscape'>\n\t\t\t\t<img loading=\"lazy\" decoding=\"async\" width=\"300\" height=\"300\" src=\"https:\/\/mhiriconfection.com\/wp-content\/uploads\/2025\/11\/ansii.png\" class=\"attachment-medium size-medium\" alt=\"\" srcset=\"https:\/\/mhiriconfection.com\/wp-content\/uploads\/2025\/11\/ansii.png 300w, https:\/\/mhiriconfection.com\/wp-content\/uploads\/2025\/11\/ansii-150x150.png 150w, https:\/\/mhiriconfection.com\/wp-content\/uploads\/2025\/11\/ansii-12x12.png 12w, https:\/\/mhiriconfection.com\/wp-content\/uploads\/2025\/11\/ansii-285x285.png 285w, https:\/\/mhiriconfection.com\/wp-content\/uploads\/2025\/11\/ansii-270x270.png 270w\" sizes=\"(max-width: 300px) 100vw, 300px\" \/>\n\t\t\t<\/div><\/figure>\n\t\t<\/div>\n\t\t<\/div>\n\t\t\t\t\t\t<\/div>\n\t\t\t\t\t<\/div>\n\t\t<\/div>\n\t\t\t\t\t<\/div>\n\t\t<\/section>\n\t\t\t\t<\/div>","protected":false},"excerpt":{"rendered":"<p>Our Capabilities We invite you to connect with our team \u2014 skilled professionals committed to turning your ideas&#8230;<\/p>","protected":false},"author":1,"featured_media":0,"parent":0,"menu_order":0,"comment_status":"closed","ping_status":"closed","template":"elementor_header_footer","meta":{"footnotes":""},"class_list":["post-352","page","type-page","status-publish","hentry"],"_links":{"self":[{"href":"https:\/\/mhiriconfection.com\/fr\/wp-json\/wp\/v2\/pages\/352","targetHints":{"allow":["GET"]}}],"collection":[{"href":"https:\/\/mhiriconfection.com\/fr\/wp-json\/wp\/v2\/pages"}],"about":[{"href":"https:\/\/mhiriconfection.com\/fr\/wp-json\/wp\/v2\/types\/page"}],"author":[{"embeddable":true,"href":"https:\/\/mhiriconfection.com\/fr\/wp-json\/wp\/v2\/users\/1"}],"replies":[{"embeddable":true,"href":"https:\/\/mhiriconfection.com\/fr\/wp-json\/wp\/v2\/comments?post=352"}],"version-history":[{"count":9,"href":"https:\/\/mhiriconfection.com\/fr\/wp-json\/wp\/v2\/pages\/352\/revisions"}],"predecessor-version":[{"id":3051,"href":"https:\/\/mhiriconfection.com\/fr\/wp-json\/wp\/v2\/pages\/352\/revisions\/3051"}],"wp:attachment":[{"href":"https:\/\/mhiriconfection.com\/fr\/wp-json\/wp\/v2\/media?parent=352"}],"curies":[{"name":"wp","href":"https:\/\/api.w.org\/{rel}","templated":true}]}}